{"id":786618,"date":"2022-03-31T16:59:33","date_gmt":"2022-03-31T14:59:33","guid":{"rendered":"https:\/\/www.lourdes-france.com\/eau-de-lourdes\/"},"modified":"2023-08-16T12:16:07","modified_gmt":"2023-08-16T10:16:07","slug":"lourdes-wasser","status":"publish","type":"page","link":"https:\/\/www.lourdes-france.com\/de\/lourdes-wasser\/","title":{"rendered":"Lourdes-Wasser"},"content":{"rendered":"\t\t<div data-elementor-type=\"wp-page\" data-elementor-id=\"786618\" class=\"elementor elementor-786618 elementor-782524\" data-elementor-post-type=\"page\">\n\t\t\t\t\t\t<section class=\"elementor-section elementor-top-section elementor-element elementor-element-f26a8f2 elementor-section-stretched elementor-section-boxed elementor-section-height-default elementor-section-height-default\" data-id=\"f26a8f2\" data-element_type=\"section\" data-settings=\"{&quot;background_background&quot;:&quot;classic&quot;,&quot;stretch_section&quot;:&quot;section-stretched&quot;}\">\n\t\t\t\t\t\t<div class=\"elementor-container elementor-column-gap-no\">\n\t\t\t\t\t<div class=\"elementor-column elementor-col-100 elementor-top-column elementor-element elementor-element-e655d36\" data-id=\"e655d36\" data-element_type=\"column\">\n\t\t\t<div class=\"elementor-widget-wrap elementor-element-populated\">\n\t\t\t\t\t\t<div class=\"elementor-element elementor-element-ef3403f elementor-blockquote--skin-quotation elementor-blockquote--align-left elementor-widget elementor-widget-blockquote\" data-id=\"ef3403f\" data-element_type=\"widget\" data-widget_type=\"blockquote.default\">\n\t\t\t\t<div class=\"elementor-widget-container\">\n\t\t\t\t\t\t\t<blockquote class=\"elementor-blockquote\">\n\t\t\t<p class=\"elementor-blockquote__content\">\n\t\t\t\tAlles beginnt und ver\u00e4ndert sich am 25. Februar 1858, w\u00e4hrend der neunten Erscheinung, als Bernadette aufgefordert wird: \u201eGehen Sie, trinken Sie aus der Quelle und waschen Sie sich dort... Seit diesem Tag kamen Millionen von Pilgern und Besuchern nach Lourdes, um von diesem Wasser, das keine therapeutischen oder spezifischen Eigenschaften hat, zu trinken und sich zu waschen. Bernadette Soubirous selbst sagte: \u201eWir nehmen Wasser wie ein Medikament ... Wir m\u00fcssen Glauben haben, wir m\u00fcssen beten: Dieses Wasser h\u00e4tte keine heilende Wirkung ohne den Glauben! Die Popularit\u00e4t des Wassers von Lourdes hat ihren Ursprung in den Wundern, aber es ist kein Weihwasser: Das Wasser der Quelle kann nur durch das Wirken eines Priesters dazu werden.\nViele Pilger m\u00f6chten gerne etwas mitbringen, f\u00fcr sich selbst oder f\u00fcr ihre Freude und Verwandten. Das Wasser von Lourdes ist kostenlos und der Zugang zu den Brunnen des Heiligtums ist frei. Es kann nicht verkauft werden.\n <\/br><\/br>\nUm Wasser zu erhalten, l\u00e4dt das Heiligtum von Lourdes Sie ein, sich an die Pilgerorganisationen in Ihrer Heimat zu wenden.\t\t\t<\/p>\n\t\t\t\t\t<\/blockquote>\n\t\t\t\t\t\t<\/div>\n\t\t\t\t<\/div>\n\t\t\t\t\t<\/div>\n\t\t<\/div>\n\t\t\t\t\t<\/div>\n\t\t<\/section>\n\t\t\t\t<section class=\"elementor-section elementor-top-section elementor-element elementor-element-f306436 elementor-section-boxed elementor-section-height-default elementor-section-height-default\" data-id=\"f306436\" data-element_type=\"section\">\n\t\t\t\t\t\t<div class=\"elementor-container elementor-column-gap-default\">\n\t\t\t\t\t<div class=\"elementor-column elementor-col-100 elementor-top-column elementor-element elementor-element-eb7154f\" data-id=\"eb7154f\" data-element_type=\"column\">\n\t\t\t<div class=\"elementor-widget-wrap elementor-element-populated\">\n\t\t\t\t\t\t<div class=\"elementor-element elementor-element-8b8178d elementor-widget elementor-widget-image\" data-id=\"8b8178d\" data-element_type=\"widget\" data-widget_type=\"image.default\">\n\t\t\t\t<div class=\"elementor-widget-container\">\n\t\t\t\t\t\t\t\t\t\t\t\t\t\t\t<img fetchpriority=\"high\" decoding=\"async\" width=\"500\" height=\"333\" src=\"https:\/\/www.lourdes-france.com\/wp-content\/uploads\/2022\/04\/vignette_Eau_500x333_img.jpg\" class=\"attachment-large size-large wp-image-786247\" alt=\"\" srcset=\"https:\/\/www.lourdes-france.com\/wp-content\/uploads\/2022\/04\/vignette_Eau_500x333_img.jpg 500w, https:\/\/www.lourdes-france.com\/wp-content\/uploads\/2022\/04\/vignette_Eau_500x333_img-300x200.jpg 300w\" sizes=\"(max-width: 500px) 100vw, 500px\" \/>\t\t\t\t\t\t\t\t\t\t\t\t\t\t\t<\/div>\n\t\t\t\t<\/div>\n\t\t\t\t\t<\/div>\n\t\t<\/div>\n\t\t\t\t\t<\/div>\n\t\t<\/section>\n\t\t\t\t<\/div>\n\t\t","protected":false},"excerpt":{"rendered":"<p>Alles beginnt und ver\u00e4ndert sich am 25. Februar 1858, w\u00e4hrend der neunten Erscheinung, als Bernadette aufgefordert wird: \u201eGehen Sie, trinken Sie aus der Quelle und waschen Sie sich dort&#8230; Seit diesem Tag kamen Millionen von Pilgern und Besuchern nach Lourdes, &hellip; <a href=\"https:\/\/www.lourdes-france.com\/de\/lourdes-wasser\/\">Weiter<\/a><\/p>\n","protected":false},"author":1,"featured_media":786226,"parent":0,"menu_order":0,"comment_status":"closed","ping_status":"closed","template":"","meta":{"_acf_changed":false,"footnotes":""},"class_list":["post-786618","page","type-page","status-publish","has-post-thumbnail","hentry"],"acf":[],"yoast_head":"<!-- This site is optimized with the Yoast SEO Premium plugin v24.0 (Yoast SEO v26.3) - https:\/\/yoast.com\/wordpress\/plugins\/seo\/ -->\n<title>Lourdes-Wasser - Vivre le p\u00e8lerinage de Lourdes<\/title>\n<meta name=\"description\" content=\"Les p\u00e8lerins ram\u00e8nent de l&#039;eau de Lourdes. L&#039;eau est gratuite et libre d\u2019acc\u00e8s aux fontaines du Sanctuaire. Elle ne peut \u00eatre vendue.\" \/>\n<meta name=\"robots\" content=\"index, follow, max-snippet:-1, max-image-preview:large, max-video-preview:-1\" \/>\n<link rel=\"canonical\" href=\"https:\/\/www.lourdes-france.com\/de\/lourdes-wasser\/\" \/>\n<meta property=\"og:locale\" content=\"de_DE\" \/>\n<meta property=\"og:type\" content=\"article\" \/>\n<meta property=\"og:title\" content=\"Lourdes-Wasser\" \/>\n<meta property=\"og:description\" content=\"Les p\u00e8lerins ram\u00e8nent de l&#039;eau de Lourdes. L&#039;eau est gratuite et libre d\u2019acc\u00e8s aux fontaines du Sanctuaire. Elle ne peut \u00eatre vendue.\" \/>\n<meta property=\"og:url\" content=\"https:\/\/www.lourdes-france.com\/de\/lourdes-wasser\/\" \/>\n<meta property=\"og:site_name\" content=\"Vivre le p\u00e8lerinage de Lourdes\" \/>\n<meta property=\"article:modified_time\" content=\"2023-08-16T10:16:07+00:00\" \/>\n<meta property=\"og:image\" content=\"https:\/\/www.lourdes-france.com\/wp-content\/uploads\/2022\/03\/vignette_Eau_de_Lourdes_1920x1080_img.jpg\" \/>\n\t<meta property=\"og:image:width\" content=\"1920\" \/>\n\t<meta property=\"og:image:height\" content=\"1080\" \/>\n\t<meta property=\"og:image:type\" content=\"image\/jpeg\" \/>\n<meta name=\"twitter:card\" content=\"summary_large_image\" \/>\n<meta name=\"twitter:label1\" content=\"Gesch\u00e4tzte Lesezeit\" \/>\n\t<meta name=\"twitter:data1\" content=\"2\u00a0Minuten\" \/>\n<script type=\"application\/ld+json\" class=\"yoast-schema-graph\">{\"@context\":\"https:\/\/schema.org\",\"@graph\":[{\"@type\":\"WebPage\",\"@id\":\"https:\/\/www.lourdes-france.com\/de\/lourdes-wasser\/\",\"url\":\"https:\/\/www.lourdes-france.com\/de\/lourdes-wasser\/\",\"name\":\"Lourdes-Wasser - Vivre le p\u00e8lerinage de Lourdes\",\"isPartOf\":{\"@id\":\"https:\/\/www.lourdes-france.com\/de\/#website\"},\"primaryImageOfPage\":{\"@id\":\"https:\/\/www.lourdes-france.com\/de\/lourdes-wasser\/#primaryimage\"},\"image\":{\"@id\":\"https:\/\/www.lourdes-france.com\/de\/lourdes-wasser\/#primaryimage\"},\"thumbnailUrl\":\"https:\/\/www.lourdes-france.com\/wp-content\/uploads\/2022\/03\/vignette_Eau_de_Lourdes_1920x1080_img.jpg\",\"datePublished\":\"2022-03-31T14:59:33+00:00\",\"dateModified\":\"2023-08-16T10:16:07+00:00\",\"description\":\"Les p\u00e8lerins ram\u00e8nent de l'eau de Lourdes. L'eau est gratuite et libre d\u2019acc\u00e8s aux fontaines du Sanctuaire. Elle ne peut \u00eatre vendue.\",\"breadcrumb\":{\"@id\":\"https:\/\/www.lourdes-france.com\/de\/lourdes-wasser\/#breadcrumb\"},\"inLanguage\":\"de\",\"potentialAction\":[{\"@type\":\"ReadAction\",\"target\":[\"https:\/\/www.lourdes-france.com\/de\/lourdes-wasser\/\"]}]},{\"@type\":\"ImageObject\",\"inLanguage\":\"de\",\"@id\":\"https:\/\/www.lourdes-france.com\/de\/lourdes-wasser\/#primaryimage\",\"url\":\"https:\/\/www.lourdes-france.com\/wp-content\/uploads\/2022\/03\/vignette_Eau_de_Lourdes_1920x1080_img.jpg\",\"contentUrl\":\"https:\/\/www.lourdes-france.com\/wp-content\/uploads\/2022\/03\/vignette_Eau_de_Lourdes_1920x1080_img.jpg\",\"width\":1920,\"height\":1080,\"caption\":\"the water of lourdes\"},{\"@type\":\"BreadcrumbList\",\"@id\":\"https:\/\/www.lourdes-france.com\/de\/lourdes-wasser\/#breadcrumb\",\"itemListElement\":[{\"@type\":\"ListItem\",\"position\":1,\"name\":\"Accueil\",\"item\":\"https:\/\/www.lourdes-france.com\/de\/\"},{\"@type\":\"ListItem\",\"position\":2,\"name\":\"Lourdes-Wasser\"}]},{\"@type\":\"WebSite\",\"@id\":\"https:\/\/www.lourdes-france.com\/de\/#website\",\"url\":\"https:\/\/www.lourdes-france.com\/de\/\",\"name\":\"Sanctuaire Notre-Dame de Lourdes\",\"description\":\"\",\"publisher\":{\"@id\":\"https:\/\/www.lourdes-france.com\/de\/#organization\"},\"potentialAction\":[{\"@type\":\"SearchAction\",\"target\":{\"@type\":\"EntryPoint\",\"urlTemplate\":\"https:\/\/www.lourdes-france.com\/de\/?s={search_term_string}\"},\"query-input\":{\"@type\":\"PropertyValueSpecification\",\"valueRequired\":true,\"valueName\":\"search_term_string\"}}],\"inLanguage\":\"de\"},{\"@type\":\"Organization\",\"@id\":\"https:\/\/www.lourdes-france.com\/de\/#organization\",\"name\":\"Sanctuaire Notre-Dame de Lourdes\",\"url\":\"https:\/\/www.lourdes-france.com\/de\/\",\"logo\":{\"@type\":\"ImageObject\",\"inLanguage\":\"de\",\"@id\":\"https:\/\/www.lourdes-france.com\/de\/#\/schema\/logo\/image\/\",\"url\":\"https:\/\/www.lourdes-france.com\/wp-content\/uploads\/2021\/11\/logo-small.png\",\"contentUrl\":\"https:\/\/www.lourdes-france.com\/wp-content\/uploads\/2021\/11\/logo-small.png\",\"width\":834,\"height\":521,\"caption\":\"Sanctuaire Notre-Dame de Lourdes\"},\"image\":{\"@id\":\"https:\/\/www.lourdes-france.com\/de\/#\/schema\/logo\/image\/\"}}]}<\/script>\n<!-- \/ Yoast SEO Premium plugin. -->","yoast_head_json":{"title":"Lourdes-Wasser - Vivre le p\u00e8lerinage de Lourdes","description":"Les p\u00e8lerins ram\u00e8nent de l'eau de Lourdes. L'eau est gratuite et libre d\u2019acc\u00e8s aux fontaines du Sanctuaire. Elle ne peut \u00eatre vendue.","robots":{"index":"index","follow":"follow","max-snippet":"max-snippet:-1","max-image-preview":"max-image-preview:large","max-video-preview":"max-video-preview:-1"},"canonical":"https:\/\/www.lourdes-france.com\/de\/lourdes-wasser\/","og_locale":"de_DE","og_type":"article","og_title":"Lourdes-Wasser","og_description":"Les p\u00e8lerins ram\u00e8nent de l'eau de Lourdes. L'eau est gratuite et libre d\u2019acc\u00e8s aux fontaines du Sanctuaire. Elle ne peut \u00eatre vendue.","og_url":"https:\/\/www.lourdes-france.com\/de\/lourdes-wasser\/","og_site_name":"Vivre le p\u00e8lerinage de Lourdes","article_modified_time":"2023-08-16T10:16:07+00:00","og_image":[{"width":1920,"height":1080,"url":"https:\/\/www.lourdes-france.com\/wp-content\/uploads\/2022\/03\/vignette_Eau_de_Lourdes_1920x1080_img.jpg","type":"image\/jpeg"}],"twitter_card":"summary_large_image","twitter_misc":{"Gesch\u00e4tzte Lesezeit":"2\u00a0Minuten"},"schema":{"@context":"https:\/\/schema.org","@graph":[{"@type":"WebPage","@id":"https:\/\/www.lourdes-france.com\/de\/lourdes-wasser\/","url":"https:\/\/www.lourdes-france.com\/de\/lourdes-wasser\/","name":"Lourdes-Wasser - Vivre le p\u00e8lerinage de Lourdes","isPartOf":{"@id":"https:\/\/www.lourdes-france.com\/de\/#website"},"primaryImageOfPage":{"@id":"https:\/\/www.lourdes-france.com\/de\/lourdes-wasser\/#primaryimage"},"image":{"@id":"https:\/\/www.lourdes-france.com\/de\/lourdes-wasser\/#primaryimage"},"thumbnailUrl":"https:\/\/www.lourdes-france.com\/wp-content\/uploads\/2022\/03\/vignette_Eau_de_Lourdes_1920x1080_img.jpg","datePublished":"2022-03-31T14:59:33+00:00","dateModified":"2023-08-16T10:16:07+00:00","description":"Les p\u00e8lerins ram\u00e8nent de l'eau de Lourdes. L'eau est gratuite et libre d\u2019acc\u00e8s aux fontaines du Sanctuaire. Elle ne peut \u00eatre vendue.","breadcrumb":{"@id":"https:\/\/www.lourdes-france.com\/de\/lourdes-wasser\/#breadcrumb"},"inLanguage":"de","potentialAction":[{"@type":"ReadAction","target":["https:\/\/www.lourdes-france.com\/de\/lourdes-wasser\/"]}]},{"@type":"ImageObject","inLanguage":"de","@id":"https:\/\/www.lourdes-france.com\/de\/lourdes-wasser\/#primaryimage","url":"https:\/\/www.lourdes-france.com\/wp-content\/uploads\/2022\/03\/vignette_Eau_de_Lourdes_1920x1080_img.jpg","contentUrl":"https:\/\/www.lourdes-france.com\/wp-content\/uploads\/2022\/03\/vignette_Eau_de_Lourdes_1920x1080_img.jpg","width":1920,"height":1080,"caption":"the water of lourdes"},{"@type":"BreadcrumbList","@id":"https:\/\/www.lourdes-france.com\/de\/lourdes-wasser\/#breadcrumb","itemListElement":[{"@type":"ListItem","position":1,"name":"Accueil","item":"https:\/\/www.lourdes-france.com\/de\/"},{"@type":"ListItem","position":2,"name":"Lourdes-Wasser"}]},{"@type":"WebSite","@id":"https:\/\/www.lourdes-france.com\/de\/#website","url":"https:\/\/www.lourdes-france.com\/de\/","name":"Sanctuaire Notre-Dame de Lourdes","description":"","publisher":{"@id":"https:\/\/www.lourdes-france.com\/de\/#organization"},"potentialAction":[{"@type":"SearchAction","target":{"@type":"EntryPoint","urlTemplate":"https:\/\/www.lourdes-france.com\/de\/?s={search_term_string}"},"query-input":{"@type":"PropertyValueSpecification","valueRequired":true,"valueName":"search_term_string"}}],"inLanguage":"de"},{"@type":"Organization","@id":"https:\/\/www.lourdes-france.com\/de\/#organization","name":"Sanctuaire Notre-Dame de Lourdes","url":"https:\/\/www.lourdes-france.com\/de\/","logo":{"@type":"ImageObject","inLanguage":"de","@id":"https:\/\/www.lourdes-france.com\/de\/#\/schema\/logo\/image\/","url":"https:\/\/www.lourdes-france.com\/wp-content\/uploads\/2021\/11\/logo-small.png","contentUrl":"https:\/\/www.lourdes-france.com\/wp-content\/uploads\/2021\/11\/logo-small.png","width":834,"height":521,"caption":"Sanctuaire Notre-Dame de Lourdes"},"image":{"@id":"https:\/\/www.lourdes-france.com\/de\/#\/schema\/logo\/image\/"}}]}},"_links":{"self":[{"href":"https:\/\/www.lourdes-france.com\/de\/wp-json\/wp\/v2\/pages\/786618","targetHints":{"allow":["GET"]}}],"collection":[{"href":"https:\/\/www.lourdes-france.com\/de\/wp-json\/wp\/v2\/pages"}],"about":[{"href":"https:\/\/www.lourdes-france.com\/de\/wp-json\/wp\/v2\/types\/page"}],"author":[{"embeddable":true,"href":"https:\/\/www.lourdes-france.com\/de\/wp-json\/wp\/v2\/users\/1"}],"replies":[{"embeddable":true,"href":"https:\/\/www.lourdes-france.com\/de\/wp-json\/wp\/v2\/comments?post=786618"}],"version-history":[{"count":0,"href":"https:\/\/www.lourdes-france.com\/de\/wp-json\/wp\/v2\/pages\/786618\/revisions"}],"wp:featuredmedia":[{"embeddable":true,"href":"https:\/\/www.lourdes-france.com\/de\/wp-json\/wp\/v2\/media\/786226"}],"wp:attachment":[{"href":"https:\/\/www.lourdes-france.com\/de\/wp-json\/wp\/v2\/media?parent=786618"}],"curies":[{"name":"wp","href":"https:\/\/api.w.org\/{rel}","templated":true}]}}