{"id":786601,"date":"2021-11-12T15:26:48","date_gmt":"2021-11-12T14:26:48","guid":{"rendered":"https:\/\/www.lourdes-france.com\/quest-ce-quun-pelerinage\/"},"modified":"2022-07-28T09:38:46","modified_gmt":"2022-07-28T07:38:46","slug":"was-ist-eine-pilgerreise","status":"publish","type":"page","link":"https:\/\/www.lourdes-france.com\/de\/was-ist-eine-pilgerreise\/","title":{"rendered":"Was ist eine Pilgerreise?"},"content":{"rendered":"\t\t<div data-elementor-type=\"wp-page\" data-elementor-id=\"786601\" class=\"elementor elementor-786601 elementor-3359\" data-elementor-post-type=\"page\">\n\t\t\t\t\t\t<section class=\"elementor-section elementor-top-section elementor-element elementor-element-ca201ea elementor-section-stretched elementor-section-boxed elementor-section-height-default elementor-section-height-default\" data-id=\"ca201ea\" data-element_type=\"section\" data-settings=\"{&quot;background_background&quot;:&quot;classic&quot;,&quot;stretch_section&quot;:&quot;section-stretched&quot;}\">\n\t\t\t\t\t\t<div class=\"elementor-container elementor-column-gap-no\">\n\t\t\t\t\t<div class=\"elementor-column elementor-col-100 elementor-top-column elementor-element elementor-element-2fb97598\" data-id=\"2fb97598\" data-element_type=\"column\">\n\t\t\t<div class=\"elementor-widget-wrap elementor-element-populated\">\n\t\t\t\t\t\t<div class=\"elementor-element elementor-element-68b2fab9 elementor-blockquote--skin-quotation elementor-widget elementor-widget-blockquote\" data-id=\"68b2fab9\" data-element_type=\"widget\" data-widget_type=\"blockquote.default\">\n\t\t\t\t<div class=\"elementor-widget-container\">\n\t\t\t\t\t\t\t<blockquote class=\"elementor-blockquote\">\n\t\t\t<p class=\"elementor-blockquote__content\">\n\t\t\t\tEs geht zun\u00e4chst einmal darum seinen Alltag, seine Gewohnheiten zu verlassen. Eine Wallfahrt -mehr als eine Reise - ist der rechte Augenblick, um, allein oder mit anderen, sich Zeit zu nehmen, \u00fcber das Leben nachzudenken und um beim Singen, beim Unterwegssein, beim Austausch und beim Gebet f\u00fcr jene, die es m\u00f6chten, Freundschaften und die Freude am Leben aufzubauen und zu vertiefen. Wallfahrten geh\u00f6ren zur Geschichte von Lourdes und tragen dazu bei, miteinander Verbindungen zu kn\u00fcpfen.\t\t\t<\/p>\n\t\t\t\t\t<\/blockquote>\n\t\t\t\t\t\t<\/div>\n\t\t\t\t<\/div>\n\t\t\t\t\t<\/div>\n\t\t<\/div>\n\t\t\t\t\t<\/div>\n\t\t<\/section>\n\t\t\t\t<section class=\"elementor-section elementor-top-section elementor-element elementor-element-2b8816e6 elementor-section-boxed elementor-section-height-default elementor-section-height-default\" data-id=\"2b8816e6\" data-element_type=\"section\">\n\t\t\t\t\t\t<div class=\"elementor-container elementor-column-gap-default\">\n\t\t\t\t\t<div class=\"elementor-column elementor-col-100 elementor-top-column elementor-element elementor-element-81e22e1\" data-id=\"81e22e1\" data-element_type=\"column\">\n\t\t\t<div class=\"elementor-widget-wrap elementor-element-populated\">\n\t\t\t\t\t\t<div class=\"elementor-element elementor-element-27e59c88 elementor-widget elementor-widget-spacer\" data-id=\"27e59c88\" data-element_type=\"widget\" data-widget_type=\"spacer.default\">\n\t\t\t\t<div class=\"elementor-widget-container\">\n\t\t\t\t\t\t\t<div class=\"elementor-spacer\">\n\t\t\t<div class=\"elementor-spacer-inner\"><\/div>\n\t\t<\/div>\n\t\t\t\t\t\t<\/div>\n\t\t\t\t<\/div>\n\t\t\t\t<div class=\"elementor-element elementor-element-16aada97 elementor-widget elementor-widget-heading\" data-id=\"16aada97\" data-element_type=\"widget\" data-widget_type=\"heading.default\">\n\t\t\t\t<div class=\"elementor-widget-container\">\n\t\t\t\t\t<h3 class=\"elementor-heading-title elementor-size-default\">Warum eine Pilgerreise nach Lourdes?<\/h3>\t\t\t\t<\/div>\n\t\t\t\t<\/div>\n\t\t\t\t<div class=\"elementor-element elementor-element-a223569 elementor-widget elementor-widget-text-editor\" data-id=\"a223569\" data-element_type=\"widget\" data-widget_type=\"text-editor.default\">\n\t\t\t\t<div class=\"elementor-widget-container\">\n\t\t\t\t\t\t\t\t\t<p>W\u00e4hrend der 13. Erscheinung bat die Dame in der Grotte Bernadette: \u201e<em>gehen Sie zu den Priestern und sagen Sie ihnen, dort eine Kapelle zu errichten und hierher in Prozession zu kommen<\/em>\u201c. In der damaligen Sprache waren \u201eProzession\u201c und \u201eWallfahrt\u201c identisch&#8230;<\/p><p>Die Tatsache, dass die Jungfrau Maria am selben Tag darum bittet, dass wir eine Kapelle errichten und in Prozession kommen sollen, besagt, dass wir aufbrechen und zu \u201elebendigen Steinen\u201c werden m\u00fcssen. Lourdes, die Kirche, ist nichts ohne Menschen die pilgern: Menschen, die auf dem Weg zu dem sind, der sich zu uns auf den Weg gemacht hat und einer von wurde, um uns zu retten.<\/p>\t\t\t\t\t\t\t\t<\/div>\n\t\t\t\t<\/div>\n\t\t\t\t<div class=\"elementor-element elementor-element-5b192e0 elementor-widget elementor-widget-heading\" data-id=\"5b192e0\" data-element_type=\"widget\" data-widget_type=\"heading.default\">\n\t\t\t\t<div class=\"elementor-widget-container\">\n\t\t\t\t\t<h3 class=\"elementor-heading-title elementor-size-default\">Das Wort Pilgerfahrt steht im Singular, seine Realit\u00e4t aber im Plural<\/h3>\t\t\t\t<\/div>\n\t\t\t\t<\/div>\n\t\t\t\t<div class=\"elementor-element elementor-element-912051e elementor-widget elementor-widget-text-editor\" data-id=\"912051e\" data-element_type=\"widget\" data-widget_type=\"text-editor.default\">\n\t\t\t\t<div class=\"elementor-widget-container\">\n\t\t\t\t\t\t\t\t\t<p>Wer nach Lourdes kommt, merkt schnell, dass Lourdes ein Ort ist, wo \u00fcber alle Unterschiede hinweg, alle vereinten und ein Herz werden, das sich Maria zuwendet, die uns an der Hand nimmt, um uns zu ihrem Sohn zu f\u00fchren.<\/p><p>In Lourdes finden Sie organisierte und individuelle Wallfahrten. Sie finden auch Besucher, die zu Pilgern werden. Die Gnade von Lourdes ber\u00fchrt und verwandelt.<\/p><p>In Ihrer Gegend finden Sie Di\u00f6zesanwallfahrten, regionale (wie die der Lourdes Vereinigungen&#8230;) und internationale (wie die Internationale Milit\u00e4rwallfahrt, des Malteserordens&#8230;). Sie k\u00f6nnen auch thematische Wallfahrten finden (z. B. Lourdes f\u00fcr krebskranke Kinder, der Kinderzug der Malteser, die Jugendwallfahrt &#8230;), und auch solche, die von Ordensfamilien (Franziskaner, Oblaten &#8230;) organisiert werden.<\/p>\t\t\t\t\t\t\t\t<\/div>\n\t\t\t\t<\/div>\n\t\t\t\t<div class=\"elementor-element elementor-element-95e1c82 elementor-align-center elementor-widget elementor-widget-button\" data-id=\"95e1c82\" data-element_type=\"widget\" data-widget_type=\"button.default\">\n\t\t\t\t<div class=\"elementor-widget-container\">\n\t\t\t\t\t\t\t\t\t<div class=\"elementor-button-wrapper\">\n\t\t\t\t\t<a class=\"elementor-button elementor-button-link elementor-size-sm\" href=\"https:\/\/www.lourdes-france.com\/de\/an-einer-pilgerreise-teilnehmen\/\">\n\t\t\t\t\t\t<span class=\"elementor-button-content-wrapper\">\n\t\t\t\t\t\t\t\t\t<span class=\"elementor-button-text\">Schlie\u00dfen Sie sich einer Pilgerreise in Ihrer N\u00e4he an!<\/span>\n\t\t\t\t\t<\/span>\n\t\t\t\t\t<\/a>\n\t\t\t\t<\/div>\n\t\t\t\t\t\t\t\t<\/div>\n\t\t\t\t<\/div>\n\t\t\t\t\t<\/div>\n\t\t<\/div>\n\t\t\t\t\t<\/div>\n\t\t<\/section>\n\t\t\t\t<section class=\"elementor-section elementor-top-section elementor-element elementor-element-243e953f elementor-section-boxed elementor-section-height-default elementor-section-height-default\" data-id=\"243e953f\" data-element_type=\"section\">\n\t\t\t\t\t\t<div class=\"elementor-container elementor-column-gap-default\">\n\t\t\t\t\t<div class=\"elementor-column elementor-col-100 elementor-top-column elementor-element elementor-element-3ca17d4e\" data-id=\"3ca17d4e\" data-element_type=\"column\">\n\t\t\t<div class=\"elementor-widget-wrap elementor-element-populated\">\n\t\t\t\t\t\t<div class=\"elementor-element elementor-element-140169f4 elementor-widget elementor-widget-spacer\" data-id=\"140169f4\" data-element_type=\"widget\" data-widget_type=\"spacer.default\">\n\t\t\t\t<div class=\"elementor-widget-container\">\n\t\t\t\t\t\t\t<div class=\"elementor-spacer\">\n\t\t\t<div class=\"elementor-spacer-inner\"><\/div>\n\t\t<\/div>\n\t\t\t\t\t\t<\/div>\n\t\t\t\t<\/div>\n\t\t\t\t\t<\/div>\n\t\t<\/div>\n\t\t\t\t\t<\/div>\n\t\t<\/section>\n\t\t\t\t<\/div>\n\t\t","protected":false},"excerpt":{"rendered":"<p>Es geht zun\u00e4chst einmal darum seinen Alltag, seine Gewohnheiten zu verlassen. Eine Wallfahrt -mehr als eine Reise &#8211; ist der rechte Augenblick, um, allein oder mit anderen, sich Zeit zu nehmen, \u00fcber das Leben nachzudenken und um beim Singen, beim &hellip; <a href=\"https:\/\/www.lourdes-france.com\/de\/was-ist-eine-pilgerreise\/\">Weiter<\/a><\/p>\n","protected":false},"author":1,"featured_media":785951,"parent":0,"menu_order":0,"comment_status":"closed","ping_status":"closed","template":"","meta":{"_acf_changed":false,"footnotes":""},"class_list":["post-786601","page","type-page","status-publish","has-post-thumbnail","hentry"],"acf":[],"yoast_head":"<!-- This site is optimized with the Yoast SEO Premium plugin v24.0 (Yoast SEO v26.3) - https:\/\/yoast.com\/wordpress\/plugins\/seo\/ -->\n<title>Was ist eine Pilgerreise? - Vivre le p\u00e8lerinage de Lourdes<\/title>\n<meta name=\"description\" content=\"Un p\u00e8lerinage c\u2019est d\u2019abord partir, quitter son quotidien, ses habitudes. Plus qu\u2019un voyage, c\u2019est un vrai moment pour prendre le temps de r\u00e9fl\u00e9chir seul ou \u00e0 plusieurs, pour cr\u00e9er des liens dans la bienveillance et la joie gr\u00e2ce aux chants, \u00e0 la marche, aux \u00e9changes et \u00e0 la pri\u00e8re pour ceux qui le souhaitent. Les p\u00e8lerinages font partie de l\u2019histoire de Lourdes et participent \u00e0 tisser le lien entre tous.\" \/>\n<meta name=\"robots\" content=\"index, follow, max-snippet:-1, max-image-preview:large, max-video-preview:-1\" \/>\n<link rel=\"canonical\" href=\"https:\/\/www.lourdes-france.com\/de\/was-ist-eine-pilgerreise\/\" \/>\n<meta property=\"og:locale\" content=\"de_DE\" \/>\n<meta property=\"og:type\" content=\"article\" \/>\n<meta property=\"og:title\" content=\"Was ist eine Pilgerreise?\" \/>\n<meta property=\"og:description\" content=\"Un p\u00e8lerinage c\u2019est d\u2019abord partir, quitter son quotidien, ses habitudes. Plus qu\u2019un voyage, c\u2019est un vrai moment pour prendre le temps de r\u00e9fl\u00e9chir seul ou \u00e0 plusieurs, pour cr\u00e9er des liens dans la bienveillance et la joie gr\u00e2ce aux chants, \u00e0 la marche, aux \u00e9changes et \u00e0 la pri\u00e8re pour ceux qui le souhaitent. Les p\u00e8lerinages font partie de l\u2019histoire de Lourdes et participent \u00e0 tisser le lien entre tous.\" \/>\n<meta property=\"og:url\" content=\"https:\/\/www.lourdes-france.com\/de\/was-ist-eine-pilgerreise\/\" \/>\n<meta property=\"og:site_name\" content=\"Vivre le p\u00e8lerinage de Lourdes\" \/>\n<meta property=\"article:modified_time\" content=\"2022-07-28T07:38:46+00:00\" \/>\n<meta property=\"og:image\" content=\"https:\/\/www.lourdes-france.com\/wp-content\/uploads\/2021\/11\/image_mise-en-avant_Pelerinage.jpg\" \/>\n\t<meta property=\"og:image:width\" content=\"2362\" \/>\n\t<meta property=\"og:image:height\" content=\"1507\" \/>\n\t<meta property=\"og:image:type\" content=\"image\/jpeg\" \/>\n<meta name=\"twitter:card\" content=\"summary_large_image\" \/>\n<meta name=\"twitter:label1\" content=\"Gesch\u00e4tzte Lesezeit\" \/>\n\t<meta name=\"twitter:data1\" content=\"2\u00a0Minuten\" \/>\n<script type=\"application\/ld+json\" class=\"yoast-schema-graph\">{\"@context\":\"https:\/\/schema.org\",\"@graph\":[{\"@type\":\"WebPage\",\"@id\":\"https:\/\/www.lourdes-france.com\/de\/was-ist-eine-pilgerreise\/\",\"url\":\"https:\/\/www.lourdes-france.com\/de\/was-ist-eine-pilgerreise\/\",\"name\":\"Was ist eine Pilgerreise? - Vivre le p\u00e8lerinage de Lourdes\",\"isPartOf\":{\"@id\":\"https:\/\/www.lourdes-france.com\/de\/#website\"},\"primaryImageOfPage\":{\"@id\":\"https:\/\/www.lourdes-france.com\/de\/was-ist-eine-pilgerreise\/#primaryimage\"},\"image\":{\"@id\":\"https:\/\/www.lourdes-france.com\/de\/was-ist-eine-pilgerreise\/#primaryimage\"},\"thumbnailUrl\":\"https:\/\/www.lourdes-france.com\/wp-content\/uploads\/2021\/11\/image_mise-en-avant_Pelerinage.jpg\",\"datePublished\":\"2021-11-12T14:26:48+00:00\",\"dateModified\":\"2022-07-28T07:38:46+00:00\",\"description\":\"Un p\u00e8lerinage c\u2019est d\u2019abord partir, quitter son quotidien, ses habitudes. Plus qu\u2019un voyage, c\u2019est un vrai moment pour prendre le temps de r\u00e9fl\u00e9chir seul ou \u00e0 plusieurs, pour cr\u00e9er des liens dans la bienveillance et la joie gr\u00e2ce aux chants, \u00e0 la marche, aux \u00e9changes et \u00e0 la pri\u00e8re pour ceux qui le souhaitent. Les p\u00e8lerinages font partie de l\u2019histoire de Lourdes et participent \u00e0 tisser le lien entre tous.\",\"breadcrumb\":{\"@id\":\"https:\/\/www.lourdes-france.com\/de\/was-ist-eine-pilgerreise\/#breadcrumb\"},\"inLanguage\":\"de\",\"potentialAction\":[{\"@type\":\"ReadAction\",\"target\":[\"https:\/\/www.lourdes-france.com\/de\/was-ist-eine-pilgerreise\/\"]}]},{\"@type\":\"ImageObject\",\"inLanguage\":\"de\",\"@id\":\"https:\/\/www.lourdes-france.com\/de\/was-ist-eine-pilgerreise\/#primaryimage\",\"url\":\"https:\/\/www.lourdes-france.com\/wp-content\/uploads\/2021\/11\/image_mise-en-avant_Pelerinage.jpg\",\"contentUrl\":\"https:\/\/www.lourdes-france.com\/wp-content\/uploads\/2021\/11\/image_mise-en-avant_Pelerinage.jpg\",\"width\":2362,\"height\":1507},{\"@type\":\"BreadcrumbList\",\"@id\":\"https:\/\/www.lourdes-france.com\/de\/was-ist-eine-pilgerreise\/#breadcrumb\",\"itemListElement\":[{\"@type\":\"ListItem\",\"position\":1,\"name\":\"Accueil\",\"item\":\"https:\/\/www.lourdes-france.com\/de\/\"},{\"@type\":\"ListItem\",\"position\":2,\"name\":\"Was ist eine Pilgerreise?\"}]},{\"@type\":\"WebSite\",\"@id\":\"https:\/\/www.lourdes-france.com\/de\/#website\",\"url\":\"https:\/\/www.lourdes-france.com\/de\/\",\"name\":\"Sanctuaire Notre-Dame de Lourdes\",\"description\":\"\",\"publisher\":{\"@id\":\"https:\/\/www.lourdes-france.com\/de\/#organization\"},\"potentialAction\":[{\"@type\":\"SearchAction\",\"target\":{\"@type\":\"EntryPoint\",\"urlTemplate\":\"https:\/\/www.lourdes-france.com\/de\/?s={search_term_string}\"},\"query-input\":{\"@type\":\"PropertyValueSpecification\",\"valueRequired\":true,\"valueName\":\"search_term_string\"}}],\"inLanguage\":\"de\"},{\"@type\":\"Organization\",\"@id\":\"https:\/\/www.lourdes-france.com\/de\/#organization\",\"name\":\"Sanctuaire Notre-Dame de Lourdes\",\"url\":\"https:\/\/www.lourdes-france.com\/de\/\",\"logo\":{\"@type\":\"ImageObject\",\"inLanguage\":\"de\",\"@id\":\"https:\/\/www.lourdes-france.com\/de\/#\/schema\/logo\/image\/\",\"url\":\"https:\/\/www.lourdes-france.com\/wp-content\/uploads\/2021\/11\/logo-small.png\",\"contentUrl\":\"https:\/\/www.lourdes-france.com\/wp-content\/uploads\/2021\/11\/logo-small.png\",\"width\":834,\"height\":521,\"caption\":\"Sanctuaire Notre-Dame de Lourdes\"},\"image\":{\"@id\":\"https:\/\/www.lourdes-france.com\/de\/#\/schema\/logo\/image\/\"}}]}<\/script>\n<!-- \/ Yoast SEO Premium plugin. -->","yoast_head_json":{"title":"Was ist eine Pilgerreise? - Vivre le p\u00e8lerinage de Lourdes","description":"Un p\u00e8lerinage c\u2019est d\u2019abord partir, quitter son quotidien, ses habitudes. Plus qu\u2019un voyage, c\u2019est un vrai moment pour prendre le temps de r\u00e9fl\u00e9chir seul ou \u00e0 plusieurs, pour cr\u00e9er des liens dans la bienveillance et la joie gr\u00e2ce aux chants, \u00e0 la marche, aux \u00e9changes et \u00e0 la pri\u00e8re pour ceux qui le souhaitent. Les p\u00e8lerinages font partie de l\u2019histoire de Lourdes et participent \u00e0 tisser le lien entre tous.","robots":{"index":"index","follow":"follow","max-snippet":"max-snippet:-1","max-image-preview":"max-image-preview:large","max-video-preview":"max-video-preview:-1"},"canonical":"https:\/\/www.lourdes-france.com\/de\/was-ist-eine-pilgerreise\/","og_locale":"de_DE","og_type":"article","og_title":"Was ist eine Pilgerreise?","og_description":"Un p\u00e8lerinage c\u2019est d\u2019abord partir, quitter son quotidien, ses habitudes. Plus qu\u2019un voyage, c\u2019est un vrai moment pour prendre le temps de r\u00e9fl\u00e9chir seul ou \u00e0 plusieurs, pour cr\u00e9er des liens dans la bienveillance et la joie gr\u00e2ce aux chants, \u00e0 la marche, aux \u00e9changes et \u00e0 la pri\u00e8re pour ceux qui le souhaitent. Les p\u00e8lerinages font partie de l\u2019histoire de Lourdes et participent \u00e0 tisser le lien entre tous.","og_url":"https:\/\/www.lourdes-france.com\/de\/was-ist-eine-pilgerreise\/","og_site_name":"Vivre le p\u00e8lerinage de Lourdes","article_modified_time":"2022-07-28T07:38:46+00:00","og_image":[{"width":2362,"height":1507,"url":"https:\/\/www.lourdes-france.com\/wp-content\/uploads\/2021\/11\/image_mise-en-avant_Pelerinage.jpg","type":"image\/jpeg"}],"twitter_card":"summary_large_image","twitter_misc":{"Gesch\u00e4tzte Lesezeit":"2\u00a0Minuten"},"schema":{"@context":"https:\/\/schema.org","@graph":[{"@type":"WebPage","@id":"https:\/\/www.lourdes-france.com\/de\/was-ist-eine-pilgerreise\/","url":"https:\/\/www.lourdes-france.com\/de\/was-ist-eine-pilgerreise\/","name":"Was ist eine Pilgerreise? - Vivre le p\u00e8lerinage de Lourdes","isPartOf":{"@id":"https:\/\/www.lourdes-france.com\/de\/#website"},"primaryImageOfPage":{"@id":"https:\/\/www.lourdes-france.com\/de\/was-ist-eine-pilgerreise\/#primaryimage"},"image":{"@id":"https:\/\/www.lourdes-france.com\/de\/was-ist-eine-pilgerreise\/#primaryimage"},"thumbnailUrl":"https:\/\/www.lourdes-france.com\/wp-content\/uploads\/2021\/11\/image_mise-en-avant_Pelerinage.jpg","datePublished":"2021-11-12T14:26:48+00:00","dateModified":"2022-07-28T07:38:46+00:00","description":"Un p\u00e8lerinage c\u2019est d\u2019abord partir, quitter son quotidien, ses habitudes. Plus qu\u2019un voyage, c\u2019est un vrai moment pour prendre le temps de r\u00e9fl\u00e9chir seul ou \u00e0 plusieurs, pour cr\u00e9er des liens dans la bienveillance et la joie gr\u00e2ce aux chants, \u00e0 la marche, aux \u00e9changes et \u00e0 la pri\u00e8re pour ceux qui le souhaitent. Les p\u00e8lerinages font partie de l\u2019histoire de Lourdes et participent \u00e0 tisser le lien entre tous.","breadcrumb":{"@id":"https:\/\/www.lourdes-france.com\/de\/was-ist-eine-pilgerreise\/#breadcrumb"},"inLanguage":"de","potentialAction":[{"@type":"ReadAction","target":["https:\/\/www.lourdes-france.com\/de\/was-ist-eine-pilgerreise\/"]}]},{"@type":"ImageObject","inLanguage":"de","@id":"https:\/\/www.lourdes-france.com\/de\/was-ist-eine-pilgerreise\/#primaryimage","url":"https:\/\/www.lourdes-france.com\/wp-content\/uploads\/2021\/11\/image_mise-en-avant_Pelerinage.jpg","contentUrl":"https:\/\/www.lourdes-france.com\/wp-content\/uploads\/2021\/11\/image_mise-en-avant_Pelerinage.jpg","width":2362,"height":1507},{"@type":"BreadcrumbList","@id":"https:\/\/www.lourdes-france.com\/de\/was-ist-eine-pilgerreise\/#breadcrumb","itemListElement":[{"@type":"ListItem","position":1,"name":"Accueil","item":"https:\/\/www.lourdes-france.com\/de\/"},{"@type":"ListItem","position":2,"name":"Was ist eine Pilgerreise?"}]},{"@type":"WebSite","@id":"https:\/\/www.lourdes-france.com\/de\/#website","url":"https:\/\/www.lourdes-france.com\/de\/","name":"Sanctuaire Notre-Dame de Lourdes","description":"","publisher":{"@id":"https:\/\/www.lourdes-france.com\/de\/#organization"},"potentialAction":[{"@type":"SearchAction","target":{"@type":"EntryPoint","urlTemplate":"https:\/\/www.lourdes-france.com\/de\/?s={search_term_string}"},"query-input":{"@type":"PropertyValueSpecification","valueRequired":true,"valueName":"search_term_string"}}],"inLanguage":"de"},{"@type":"Organization","@id":"https:\/\/www.lourdes-france.com\/de\/#organization","name":"Sanctuaire Notre-Dame de Lourdes","url":"https:\/\/www.lourdes-france.com\/de\/","logo":{"@type":"ImageObject","inLanguage":"de","@id":"https:\/\/www.lourdes-france.com\/de\/#\/schema\/logo\/image\/","url":"https:\/\/www.lourdes-france.com\/wp-content\/uploads\/2021\/11\/logo-small.png","contentUrl":"https:\/\/www.lourdes-france.com\/wp-content\/uploads\/2021\/11\/logo-small.png","width":834,"height":521,"caption":"Sanctuaire Notre-Dame de Lourdes"},"image":{"@id":"https:\/\/www.lourdes-france.com\/de\/#\/schema\/logo\/image\/"}}]}},"_links":{"self":[{"href":"https:\/\/www.lourdes-france.com\/de\/wp-json\/wp\/v2\/pages\/786601","targetHints":{"allow":["GET"]}}],"collection":[{"href":"https:\/\/www.lourdes-france.com\/de\/wp-json\/wp\/v2\/pages"}],"about":[{"href":"https:\/\/www.lourdes-france.com\/de\/wp-json\/wp\/v2\/types\/page"}],"author":[{"embeddable":true,"href":"https:\/\/www.lourdes-france.com\/de\/wp-json\/wp\/v2\/users\/1"}],"replies":[{"embeddable":true,"href":"https:\/\/www.lourdes-france.com\/de\/wp-json\/wp\/v2\/comments?post=786601"}],"version-history":[{"count":0,"href":"https:\/\/www.lourdes-france.com\/de\/wp-json\/wp\/v2\/pages\/786601\/revisions"}],"wp:featuredmedia":[{"embeddable":true,"href":"https:\/\/www.lourdes-france.com\/de\/wp-json\/wp\/v2\/media\/785951"}],"wp:attachment":[{"href":"https:\/\/www.lourdes-france.com\/de\/wp-json\/wp\/v2\/media?parent=786601"}],"curies":[{"name":"wp","href":"https:\/\/api.w.org\/{rel}","templated":true}]}}